{"id":91,"date":"2020-10-22T13:17:55","date_gmt":"2020-10-22T13:17:55","guid":{"rendered":"http:\/\/tecza.320.pl\/zator\/?page_id=91"},"modified":"2025-09-05T17:10:39","modified_gmt":"2025-09-05T15:10:39","slug":"oplaty","status":"publish","type":"page","link":"https:\/\/przedszkole-tecza.com.pl\/zator\/oplaty\/","title":{"rendered":"Op\u0142aty"},"content":{"rendered":"\t\t<div data-elementor-type=\"wp-page\" data-elementor-id=\"91\" class=\"elementor elementor-91\" data-elementor-post-type=\"page\">\n\t\t\t\t\t\t<section class=\"elementor-section elementor-top-section elementor-element elementor-element-72804e5 elementor-section-height-min-height elementor-section-boxed elementor-section-height-default elementor-section-items-middle\" data-id=\"72804e5\" data-element_type=\"section\" data-e-type=\"section\" data-settings=\"{&quot;jet_parallax_layout_list&quot;:[{&quot;jet_parallax_layout_image&quot;:{&quot;url&quot;:&quot;&quot;,&quot;id&quot;:&quot;&quot;,&quot;size&quot;:&quot;&quot;},&quot;_id&quot;:&quot;7660be2&quot;,&quot;jet_parallax_layout_image_tablet&quot;:{&quot;url&quot;:&quot;&quot;,&quot;id&quot;:&quot;&quot;,&quot;size&quot;:&quot;&quot;},&quot;jet_parallax_layout_image_mobile&quot;:{&quot;url&quot;:&quot;&quot;,&quot;id&quot;:&quot;&quot;,&quot;size&quot;:&quot;&quot;},&quot;jet_parallax_layout_speed&quot;:{&quot;unit&quot;:&quot;%&quot;,&quot;size&quot;:50,&quot;sizes&quot;:[]},&quot;jet_parallax_layout_type&quot;:&quot;scroll&quot;,&quot;jet_parallax_layout_direction&quot;:&quot;1&quot;,&quot;jet_parallax_layout_fx_direction&quot;:null,&quot;jet_parallax_layout_z_index&quot;:&quot;&quot;,&quot;jet_parallax_layout_bg_x&quot;:50,&quot;jet_parallax_layout_bg_x_tablet&quot;:&quot;&quot;,&quot;jet_parallax_layout_bg_x_mobile&quot;:&quot;&quot;,&quot;jet_parallax_layout_bg_y&quot;:50,&quot;jet_parallax_layout_bg_y_tablet&quot;:&quot;&quot;,&quot;jet_parallax_layout_bg_y_mobile&quot;:&quot;&quot;,&quot;jet_parallax_layout_bg_size&quot;:&quot;auto&quot;,&quot;jet_parallax_layout_bg_size_tablet&quot;:&quot;&quot;,&quot;jet_parallax_layout_bg_size_mobile&quot;:&quot;&quot;,&quot;jet_parallax_layout_animation_prop&quot;:&quot;transform&quot;,&quot;jet_parallax_layout_on&quot;:[&quot;desktop&quot;,&quot;tablet&quot;]}],&quot;background_background&quot;:&quot;classic&quot;}\">\n\t\t\t\t\t\t<div class=\"elementor-container elementor-column-gap-default\">\n\t\t\t\t\t<div class=\"elementor-column elementor-col-100 elementor-top-column elementor-element elementor-element-d087956\" data-id=\"d087956\" data-element_type=\"column\" data-e-type=\"column\">\n\t\t\t<div class=\"elementor-widget-wrap elementor-element-populated\">\n\t\t\t\t\t\t<div class=\"elementor-element elementor-element-de42acf elementor-widget elementor-widget-heading\" data-id=\"de42acf\" data-element_type=\"widget\" data-e-type=\"widget\" data-widget_type=\"heading.default\">\n\t\t\t\t\t<h2 class=\"elementor-heading-title elementor-size-default\">Op\u0142aty<\/h2>\t\t\t\t<\/div>\n\t\t\t\t\t<\/div>\n\t\t<\/div>\n\t\t\t\t\t<\/div>\n\t\t<\/section>\n\t\t\t\t<section class=\"elementor-section elementor-top-section elementor-element elementor-element-678d546 elementor-section-boxed elementor-section-height-default elementor-section-height-default\" data-id=\"678d546\" data-element_type=\"section\" data-e-type=\"section\" data-settings=\"{&quot;jet_parallax_layout_list&quot;:[{&quot;jet_parallax_layout_image&quot;:{&quot;url&quot;:&quot;&quot;,&quot;id&quot;:&quot;&quot;,&quot;size&quot;:&quot;&quot;},&quot;_id&quot;:&quot;7c9148b&quot;,&quot;jet_parallax_layout_image_tablet&quot;:{&quot;url&quot;:&quot;&quot;,&quot;id&quot;:&quot;&quot;,&quot;size&quot;:&quot;&quot;},&quot;jet_parallax_layout_image_mobile&quot;:{&quot;url&quot;:&quot;&quot;,&quot;id&quot;:&quot;&quot;,&quot;size&quot;:&quot;&quot;},&quot;jet_parallax_layout_speed&quot;:{&quot;unit&quot;:&quot;%&quot;,&quot;size&quot;:50,&quot;sizes&quot;:[]},&quot;jet_parallax_layout_type&quot;:&quot;scroll&quot;,&quot;jet_parallax_layout_direction&quot;:&quot;1&quot;,&quot;jet_parallax_layout_fx_direction&quot;:null,&quot;jet_parallax_layout_z_index&quot;:&quot;&quot;,&quot;jet_parallax_layout_bg_x&quot;:50,&quot;jet_parallax_layout_bg_x_tablet&quot;:&quot;&quot;,&quot;jet_parallax_layout_bg_x_mobile&quot;:&quot;&quot;,&quot;jet_parallax_layout_bg_y&quot;:50,&quot;jet_parallax_layout_bg_y_tablet&quot;:&quot;&quot;,&quot;jet_parallax_layout_bg_y_mobile&quot;:&quot;&quot;,&quot;jet_parallax_layout_bg_size&quot;:&quot;auto&quot;,&quot;jet_parallax_layout_bg_size_tablet&quot;:&quot;&quot;,&quot;jet_parallax_layout_bg_size_mobile&quot;:&quot;&quot;,&quot;jet_parallax_layout_animation_prop&quot;:&quot;transform&quot;,&quot;jet_parallax_layout_on&quot;:[&quot;desktop&quot;,&quot;tablet&quot;]}]}\">\n\t\t\t\t\t\t<div class=\"elementor-container elementor-column-gap-default\">\n\t\t\t\t\t<div class=\"elementor-column elementor-col-100 elementor-top-column elementor-element elementor-element-e0d331f\" data-id=\"e0d331f\" data-element_type=\"column\" data-e-type=\"column\">\n\t\t\t<div class=\"elementor-widget-wrap elementor-element-populated\">\n\t\t\t\t\t\t<div class=\"elementor-element elementor-element-c944f6a elementor-widget elementor-widget-text-editor\" data-id=\"c944f6a\" data-element_type=\"widget\" data-e-type=\"widget\" data-widget_type=\"text-editor.default\">\n\t\t\t\t\t\t\t\t\t<p>Miesi\u0119czny koszt pobytu dziecka w naszym przedszkolu wynosi 800 z\u0142 + 12,50 z\u0142 \u2013 dzienne wy\u017cywienie dziecka (\u015bniadanie, obiad i podwieczorek), obliczane wed\u0142ug liczby dni pobytu dziecka w przedszkolu.<\/p><p><strong>Zni\u017cka dla rodze\u0144stwa!<\/strong><\/p><p><strong>Obni\u017camy czesne dla drugiego i kolejnego dziecka a\u017c o 50%!<\/strong><\/p><p><strong>Zaj\u0119cia dodatkowe w przedszkolu:<\/strong><\/p><p>\u2022 tylko u nas Dzieci\u0119cy Uniwersytet Matematyczny dla dzieci 5-6 letnich<br \/>\u2022 j\u0119zyk angielski- co najmniej 2x w tygodniu<br \/>\u2022 j\u0119zyk niemiecki- 1 x w tygodniu<br \/>\u2022 karate<br \/>\u2022 joga i mindfulness<br \/>\u2022 warsztaty muzyczno-taneczne<br \/>\u2022 ceramika<br \/>\u2022 zaj\u0119cia sportowe og\u00f3lnorozwojowe<br \/>\u2022 zaj\u0119cia z elementami sensoplastyki<br \/>\u2022 zaj\u0119cia z elementami pedagogiki Montessori<br \/>\u2022 kuchcikowo<br \/>\u2022 terapia logopedyczna,<br \/>\u2022 zaj\u0119cia terapii pedagogicznej,<br \/>\u2022 warsztaty biblioteczne<br \/>\u2022 wyjazdy do kina, teatru, wycieczki<br \/>\u2022 wyj\u015bcia w ramach zaj\u0119\u0107 dydaktycznych<br \/>\u2022 organizujemy urodziny (prezent)<br \/>\u2022 organizujemy spotkanie z Miko\u0142ajem (paczki)<br \/>\u2022 zapewniamy \u015brodki higieniczne, papiernicze, plastyczne<br \/>\u2022 basen \u2013 dodatkowo p\u0142atny ( miesi\u0119czny koszt to 200 z\u0142 )<br \/>\u2022 religia \u2013 dodatkowo p\u0142atna<br \/>\u2022 warsztaty taneczne- 14 zaj\u0119\u0107 to koszt 140 z\u0142<br \/>\u2022 robotyka- 30 z\u0142<\/p><p><strong>Przedszkolak przynosi tylko pantofle i szczoteczk\u0119 do z\u0119b\u00f3w!<\/strong><\/p>\t\t\t\t\t\t\t\t<\/div>\n\t\t\t\t\t<\/div>\n\t\t<\/div>\n\t\t\t\t\t<\/div>\n\t\t<\/section>\n\t\t\t\t<\/div>\n\t\t","protected":false},"excerpt":{"rendered":"<p>Op\u0142aty Miesi\u0119czny koszt pobytu dziecka w naszym przedszkolu wynosi 800 z\u0142 + 12,50 z\u0142 \u2013 dzienne wy\u017cywienie dziecka (\u015bniadanie, obiad i podwieczorek), obliczane wed\u0142ug liczby dni pobytu dziecka w przedszkolu. Zni\u017cka dla rodze\u0144stwa! Obni\u017camy czesne dla drugiego i kolejnego dziecka a\u017c o 50%! Zaj\u0119cia dodatkowe w przedszkolu: \u2022 tylko u nas Dzieci\u0119cy Uniwersytet Matematyczny dla [&hellip;]<\/p>\n","protected":false},"author":1,"featured_media":0,"parent":0,"menu_order":0,"comment_status":"closed","ping_status":"closed","template":"","meta":{"footnotes":""},"class_list":["post-91","page","type-page","status-publish","hentry"],"_links":{"self":[{"href":"https:\/\/przedszkole-tecza.com.pl\/zator\/wp-json\/wp\/v2\/pages\/91","targetHints":{"allow":["GET"]}}],"collection":[{"href":"https:\/\/przedszkole-tecza.com.pl\/zator\/wp-json\/wp\/v2\/pages"}],"about":[{"href":"https:\/\/przedszkole-tecza.com.pl\/zator\/wp-json\/wp\/v2\/types\/page"}],"author":[{"embeddable":true,"href":"https:\/\/przedszkole-tecza.com.pl\/zator\/wp-json\/wp\/v2\/users\/1"}],"replies":[{"embeddable":true,"href":"https:\/\/przedszkole-tecza.com.pl\/zator\/wp-json\/wp\/v2\/comments?post=91"}],"version-history":[{"count":3,"href":"https:\/\/przedszkole-tecza.com.pl\/zator\/wp-json\/wp\/v2\/pages\/91\/revisions"}],"predecessor-version":[{"id":85832,"href":"https:\/\/przedszkole-tecza.com.pl\/zator\/wp-json\/wp\/v2\/pages\/91\/revisions\/85832"}],"wp:attachment":[{"href":"https:\/\/przedszkole-tecza.com.pl\/zator\/wp-json\/wp\/v2\/media?parent=91"}],"curies":[{"name":"wp","href":"https:\/\/api.w.org\/{rel}","templated":true}]}}