{"id":81,"date":"2020-10-22T13:16:51","date_gmt":"2020-10-22T13:16:51","guid":{"rendered":"http:\/\/tecza.320.pl\/zator\/?page_id=81"},"modified":"2025-09-05T17:10:15","modified_gmt":"2025-09-05T15:10:15","slug":"kadra","status":"publish","type":"page","link":"https:\/\/przedszkole-tecza.com.pl\/zator\/kadra\/","title":{"rendered":"Kadra"},"content":{"rendered":"\t\t<div data-elementor-type=\"wp-page\" data-elementor-id=\"81\" class=\"elementor elementor-81\" data-elementor-post-type=\"page\">\n\t\t\t\t\t\t<section class=\"elementor-section elementor-top-section elementor-element elementor-element-fece592 elementor-section-height-min-height elementor-section-boxed elementor-section-height-default elementor-section-items-middle\" data-id=\"fece592\" data-element_type=\"section\" data-e-type=\"section\" data-settings=\"{&quot;jet_parallax_layout_list&quot;:[{&quot;jet_parallax_layout_image&quot;:{&quot;url&quot;:&quot;&quot;,&quot;id&quot;:&quot;&quot;,&quot;size&quot;:&quot;&quot;},&quot;_id&quot;:&quot;7660be2&quot;,&quot;jet_parallax_layout_image_tablet&quot;:{&quot;url&quot;:&quot;&quot;,&quot;id&quot;:&quot;&quot;,&quot;size&quot;:&quot;&quot;},&quot;jet_parallax_layout_image_mobile&quot;:{&quot;url&quot;:&quot;&quot;,&quot;id&quot;:&quot;&quot;,&quot;size&quot;:&quot;&quot;},&quot;jet_parallax_layout_speed&quot;:{&quot;unit&quot;:&quot;%&quot;,&quot;size&quot;:50,&quot;sizes&quot;:[]},&quot;jet_parallax_layout_type&quot;:&quot;scroll&quot;,&quot;jet_parallax_layout_direction&quot;:&quot;1&quot;,&quot;jet_parallax_layout_fx_direction&quot;:null,&quot;jet_parallax_layout_z_index&quot;:&quot;&quot;,&quot;jet_parallax_layout_bg_x&quot;:50,&quot;jet_parallax_layout_bg_x_tablet&quot;:&quot;&quot;,&quot;jet_parallax_layout_bg_x_mobile&quot;:&quot;&quot;,&quot;jet_parallax_layout_bg_y&quot;:50,&quot;jet_parallax_layout_bg_y_tablet&quot;:&quot;&quot;,&quot;jet_parallax_layout_bg_y_mobile&quot;:&quot;&quot;,&quot;jet_parallax_layout_bg_size&quot;:&quot;auto&quot;,&quot;jet_parallax_layout_bg_size_tablet&quot;:&quot;&quot;,&quot;jet_parallax_layout_bg_size_mobile&quot;:&quot;&quot;,&quot;jet_parallax_layout_animation_prop&quot;:&quot;transform&quot;,&quot;jet_parallax_layout_on&quot;:[&quot;desktop&quot;,&quot;tablet&quot;]}],&quot;background_background&quot;:&quot;classic&quot;}\">\n\t\t\t\t\t\t<div class=\"elementor-container elementor-column-gap-default\">\n\t\t\t\t\t<div class=\"elementor-column elementor-col-100 elementor-top-column elementor-element elementor-element-1cc8131\" data-id=\"1cc8131\" data-element_type=\"column\" data-e-type=\"column\">\n\t\t\t<div class=\"elementor-widget-wrap elementor-element-populated\">\n\t\t\t\t\t\t<div class=\"elementor-element elementor-element-f3efc02 elementor-widget elementor-widget-heading\" data-id=\"f3efc02\" data-element_type=\"widget\" data-e-type=\"widget\" data-widget_type=\"heading.default\">\n\t\t\t\t\t<h2 class=\"elementor-heading-title elementor-size-default\">Kadra<\/h2>\t\t\t\t<\/div>\n\t\t\t\t\t<\/div>\n\t\t<\/div>\n\t\t\t\t\t<\/div>\n\t\t<\/section>\n\t\t\t\t<section class=\"elementor-section elementor-top-section elementor-element elementor-element-4f4ab00 elementor-section-boxed elementor-section-height-default elementor-section-height-default\" data-id=\"4f4ab00\" data-element_type=\"section\" data-e-type=\"section\" data-settings=\"{&quot;jet_parallax_layout_list&quot;:[{&quot;jet_parallax_layout_image&quot;:{&quot;url&quot;:&quot;&quot;,&quot;id&quot;:&quot;&quot;,&quot;size&quot;:&quot;&quot;},&quot;_id&quot;:&quot;51dc99c&quot;,&quot;jet_parallax_layout_image_tablet&quot;:{&quot;url&quot;:&quot;&quot;,&quot;id&quot;:&quot;&quot;,&quot;size&quot;:&quot;&quot;},&quot;jet_parallax_layout_image_mobile&quot;:{&quot;url&quot;:&quot;&quot;,&quot;id&quot;:&quot;&quot;,&quot;size&quot;:&quot;&quot;},&quot;jet_parallax_layout_speed&quot;:{&quot;unit&quot;:&quot;%&quot;,&quot;size&quot;:50,&quot;sizes&quot;:[]},&quot;jet_parallax_layout_type&quot;:&quot;scroll&quot;,&quot;jet_parallax_layout_direction&quot;:&quot;1&quot;,&quot;jet_parallax_layout_fx_direction&quot;:null,&quot;jet_parallax_layout_z_index&quot;:&quot;&quot;,&quot;jet_parallax_layout_bg_x&quot;:50,&quot;jet_parallax_layout_bg_x_tablet&quot;:&quot;&quot;,&quot;jet_parallax_layout_bg_x_mobile&quot;:&quot;&quot;,&quot;jet_parallax_layout_bg_y&quot;:50,&quot;jet_parallax_layout_bg_y_tablet&quot;:&quot;&quot;,&quot;jet_parallax_layout_bg_y_mobile&quot;:&quot;&quot;,&quot;jet_parallax_layout_bg_size&quot;:&quot;auto&quot;,&quot;jet_parallax_layout_bg_size_tablet&quot;:&quot;&quot;,&quot;jet_parallax_layout_bg_size_mobile&quot;:&quot;&quot;,&quot;jet_parallax_layout_animation_prop&quot;:&quot;transform&quot;,&quot;jet_parallax_layout_on&quot;:[&quot;desktop&quot;,&quot;tablet&quot;]}]}\">\n\t\t\t\t\t\t<div class=\"elementor-container elementor-column-gap-default\">\n\t\t\t\t\t<div class=\"elementor-column elementor-col-100 elementor-top-column elementor-element elementor-element-a8c1b36\" data-id=\"a8c1b36\" data-element_type=\"column\" data-e-type=\"column\">\n\t\t\t<div class=\"elementor-widget-wrap elementor-element-populated\">\n\t\t\t\t\t\t<div class=\"elementor-element elementor-element-436ad97 elementor-widget elementor-widget-text-editor\" data-id=\"436ad97\" data-element_type=\"widget\" data-e-type=\"widget\" data-widget_type=\"text-editor.default\">\n\t\t\t\t\t\t\t\t\t<p>Personel pedagogiczny z wy\u017cszym wykszta\u0142ceniem zapewnia wszechstronny rozw\u00f3j Waszym dzieciom.<\/p><p><br \/><strong>Za\u0142o\u017cycielki przedszkola<\/strong><br \/><strong>Organ prowadz\u0105cy:<\/strong><br \/>Krystyna G\u0142\u0105b<br \/>Lidia Wilk<\/p><p><strong>Dyrektor przedszkola:<\/strong><br \/>Mgr Angelika Dudko<\/p><p><br \/><strong>Nauczyciele:<\/strong><br \/>mgr Joanna Ma\u015blana<br \/>mgr Paulina Balonek<br \/>mgr Wioleta Walkowicz<br \/>mgr Karolina Chyba\u0142a<br \/>mgr Angelika Dudko<br \/><br \/><strong>J\u0119zyk angielski:<\/strong><br \/>mgr Sujatha Kowaczyk<br \/><br \/><strong>J\u0119zyk niemiecki:<\/strong><br \/>mgr Angelika Dudko<br \/><br \/><strong>Logopeda:<\/strong><br \/>mgr Balonek Paulina<\/p><p><strong>Robotka:<\/strong><br \/>mgr Agnieszka Sopicka, mgr Adam Sopicki<\/p><p><strong>Karate:<\/strong><br \/>instruktor Adam Kwiatkowski<br \/><br \/><strong>Nauka p\u0142ywania na basenie Delfin w Wadowicach:<\/strong><br \/>mgr S\u0142awomir Kasperek <br \/><br \/><strong>Uniwersytet Matematyczny:<\/strong><br \/>mgr Agnieszka Sopicka, mgr Adam Sopicki<\/p><p><strong>Warsztaty taneczne:<\/strong><br \/>Micha\u0142 Kolano- tancerz najwy\u017cszej mi\u0119dzynarodowej klasy \u201eS\u201d <br \/><br \/><strong>Pomoce:<\/strong><br \/>Anna Jeziorska<br \/>Gra\u017cyna Janosz<br \/>El\u017cbieta Bro\u0144ka<br \/><br \/><\/p>\t\t\t\t\t\t\t\t<\/div>\n\t\t\t\t\t<\/div>\n\t\t<\/div>\n\t\t\t\t\t<\/div>\n\t\t<\/section>\n\t\t\t\t<\/div>\n\t\t","protected":false},"excerpt":{"rendered":"<p>Kadra Personel pedagogiczny z wy\u017cszym wykszta\u0142ceniem zapewnia wszechstronny rozw\u00f3j Waszym dzieciom. Za\u0142o\u017cycielki przedszkolaOrgan prowadz\u0105cy:Krystyna G\u0142\u0105bLidia Wilk Dyrektor przedszkola:Mgr Angelika Dudko Nauczyciele:mgr Joanna Ma\u015blanamgr Paulina Balonekmgr Wioleta Walkowiczmgr Karolina Chyba\u0142amgr Angelika Dudko J\u0119zyk angielski:mgr Sujatha Kowaczyk J\u0119zyk niemiecki:mgr Angelika Dudko Logopeda:mgr Balonek Paulina Robotka:mgr Agnieszka Sopicka, mgr Adam Sopicki Karate:instruktor Adam Kwiatkowski Nauka p\u0142ywania na basenie [&hellip;]<\/p>\n","protected":false},"author":1,"featured_media":0,"parent":0,"menu_order":0,"comment_status":"closed","ping_status":"closed","template":"","meta":{"footnotes":""},"class_list":["post-81","page","type-page","status-publish","hentry"],"_links":{"self":[{"href":"https:\/\/przedszkole-tecza.com.pl\/zator\/wp-json\/wp\/v2\/pages\/81","targetHints":{"allow":["GET"]}}],"collection":[{"href":"https:\/\/przedszkole-tecza.com.pl\/zator\/wp-json\/wp\/v2\/pages"}],"about":[{"href":"https:\/\/przedszkole-tecza.com.pl\/zator\/wp-json\/wp\/v2\/types\/page"}],"author":[{"embeddable":true,"href":"https:\/\/przedszkole-tecza.com.pl\/zator\/wp-json\/wp\/v2\/users\/1"}],"replies":[{"embeddable":true,"href":"https:\/\/przedszkole-tecza.com.pl\/zator\/wp-json\/wp\/v2\/comments?post=81"}],"version-history":[{"count":3,"href":"https:\/\/przedszkole-tecza.com.pl\/zator\/wp-json\/wp\/v2\/pages\/81\/revisions"}],"predecessor-version":[{"id":85826,"href":"https:\/\/przedszkole-tecza.com.pl\/zator\/wp-json\/wp\/v2\/pages\/81\/revisions\/85826"}],"wp:attachment":[{"href":"https:\/\/przedszkole-tecza.com.pl\/zator\/wp-json\/wp\/v2\/media?parent=81"}],"curies":[{"name":"wp","href":"https:\/\/api.w.org\/{rel}","templated":true}]}}