{"id":108,"date":"2020-10-22T13:27:51","date_gmt":"2020-10-22T13:27:51","guid":{"rendered":"http:\/\/tecza.320.pl\/zator\/?page_id=108"},"modified":"2025-09-06T01:39:47","modified_gmt":"2025-09-05T23:39:47","slug":"tygryski","status":"publish","type":"page","link":"https:\/\/przedszkole-tecza.com.pl\/zator\/tygryski\/","title":{"rendered":"Tygryski"},"content":{"rendered":"\t\t<div data-elementor-type=\"wp-page\" data-elementor-id=\"108\" class=\"elementor elementor-108\" data-elementor-post-type=\"page\">\n\t\t\t\t\t\t<section class=\"elementor-section elementor-top-section elementor-element elementor-element-8cf5367 elementor-section-height-min-height elementor-section-boxed elementor-section-height-default elementor-section-items-middle\" data-id=\"8cf5367\" data-element_type=\"section\" data-e-type=\"section\" data-settings=\"{&quot;jet_parallax_layout_list&quot;:[{&quot;jet_parallax_layout_image&quot;:{&quot;url&quot;:&quot;&quot;,&quot;id&quot;:&quot;&quot;,&quot;size&quot;:&quot;&quot;},&quot;_id&quot;:&quot;7660be2&quot;,&quot;jet_parallax_layout_image_tablet&quot;:{&quot;url&quot;:&quot;&quot;,&quot;id&quot;:&quot;&quot;,&quot;size&quot;:&quot;&quot;},&quot;jet_parallax_layout_image_mobile&quot;:{&quot;url&quot;:&quot;&quot;,&quot;id&quot;:&quot;&quot;,&quot;size&quot;:&quot;&quot;},&quot;jet_parallax_layout_speed&quot;:{&quot;unit&quot;:&quot;%&quot;,&quot;size&quot;:50,&quot;sizes&quot;:[]},&quot;jet_parallax_layout_type&quot;:&quot;scroll&quot;,&quot;jet_parallax_layout_direction&quot;:&quot;1&quot;,&quot;jet_parallax_layout_fx_direction&quot;:null,&quot;jet_parallax_layout_z_index&quot;:&quot;&quot;,&quot;jet_parallax_layout_bg_x&quot;:50,&quot;jet_parallax_layout_bg_x_tablet&quot;:&quot;&quot;,&quot;jet_parallax_layout_bg_x_mobile&quot;:&quot;&quot;,&quot;jet_parallax_layout_bg_y&quot;:50,&quot;jet_parallax_layout_bg_y_tablet&quot;:&quot;&quot;,&quot;jet_parallax_layout_bg_y_mobile&quot;:&quot;&quot;,&quot;jet_parallax_layout_bg_size&quot;:&quot;auto&quot;,&quot;jet_parallax_layout_bg_size_tablet&quot;:&quot;&quot;,&quot;jet_parallax_layout_bg_size_mobile&quot;:&quot;&quot;,&quot;jet_parallax_layout_animation_prop&quot;:&quot;transform&quot;,&quot;jet_parallax_layout_on&quot;:[&quot;desktop&quot;,&quot;tablet&quot;]}],&quot;background_background&quot;:&quot;classic&quot;}\">\n\t\t\t\t\t\t<div class=\"elementor-container elementor-column-gap-default\">\n\t\t\t\t\t<div class=\"elementor-column elementor-col-100 elementor-top-column elementor-element elementor-element-dc12f87\" data-id=\"dc12f87\" data-element_type=\"column\" data-e-type=\"column\">\n\t\t\t<div class=\"elementor-widget-wrap elementor-element-populated\">\n\t\t\t\t\t\t<div class=\"elementor-element elementor-element-67b9526 elementor-widget elementor-widget-heading\" data-id=\"67b9526\" data-element_type=\"widget\" data-e-type=\"widget\" data-widget_type=\"heading.default\">\n\t\t\t\t\t<h2 class=\"elementor-heading-title elementor-size-default\">Tygryski<\/h2>\t\t\t\t<\/div>\n\t\t\t\t\t<\/div>\n\t\t<\/div>\n\t\t\t\t\t<\/div>\n\t\t<\/section>\n\t\t\t\t<section class=\"elementor-section elementor-top-section elementor-element elementor-element-9c00fe4 elementor-section-height-min-height elementor-section-boxed elementor-section-height-default elementor-section-items-middle\" data-id=\"9c00fe4\" data-element_type=\"section\" data-e-type=\"section\" data-settings=\"{&quot;jet_parallax_layout_list&quot;:[{&quot;jet_parallax_layout_image&quot;:{&quot;url&quot;:&quot;&quot;,&quot;id&quot;:&quot;&quot;,&quot;size&quot;:&quot;&quot;},&quot;_id&quot;:&quot;6df3852&quot;,&quot;jet_parallax_layout_image_tablet&quot;:{&quot;url&quot;:&quot;&quot;,&quot;id&quot;:&quot;&quot;,&quot;size&quot;:&quot;&quot;},&quot;jet_parallax_layout_image_mobile&quot;:{&quot;url&quot;:&quot;&quot;,&quot;id&quot;:&quot;&quot;,&quot;size&quot;:&quot;&quot;},&quot;jet_parallax_layout_speed&quot;:{&quot;unit&quot;:&quot;%&quot;,&quot;size&quot;:50,&quot;sizes&quot;:[]},&quot;jet_parallax_layout_type&quot;:&quot;scroll&quot;,&quot;jet_parallax_layout_direction&quot;:&quot;1&quot;,&quot;jet_parallax_layout_fx_direction&quot;:null,&quot;jet_parallax_layout_z_index&quot;:&quot;&quot;,&quot;jet_parallax_layout_bg_x&quot;:50,&quot;jet_parallax_layout_bg_x_tablet&quot;:&quot;&quot;,&quot;jet_parallax_layout_bg_x_mobile&quot;:&quot;&quot;,&quot;jet_parallax_layout_bg_y&quot;:50,&quot;jet_parallax_layout_bg_y_tablet&quot;:&quot;&quot;,&quot;jet_parallax_layout_bg_y_mobile&quot;:&quot;&quot;,&quot;jet_parallax_layout_bg_size&quot;:&quot;auto&quot;,&quot;jet_parallax_layout_bg_size_tablet&quot;:&quot;&quot;,&quot;jet_parallax_layout_bg_size_mobile&quot;:&quot;&quot;,&quot;jet_parallax_layout_animation_prop&quot;:&quot;transform&quot;,&quot;jet_parallax_layout_on&quot;:[&quot;desktop&quot;,&quot;tablet&quot;]}]}\">\n\t\t\t\t\t\t<div class=\"elementor-container elementor-column-gap-default\">\n\t\t\t\t\t<div class=\"elementor-column elementor-col-50 elementor-top-column elementor-element elementor-element-f61a8e0\" data-id=\"f61a8e0\" data-element_type=\"column\" data-e-type=\"column\">\n\t\t\t<div class=\"elementor-widget-wrap elementor-element-populated\">\n\t\t\t\t\t\t<div class=\"elementor-element elementor-element-714170f elementor-widget elementor-widget-text-editor\" data-id=\"714170f\" data-element_type=\"widget\" data-e-type=\"widget\" data-widget_type=\"text-editor.default\">\n\t\t\t\t\t\t\t\t\t<div id=\"u51333-4\" class=\"clearfix grpelem shared_content\" data-muse-uid=\"U51333\" data-muse-type=\"txt_frame\" data-ibe-flags=\"txtStyleSrc\" data-sizepolicy=\"fixed\" data-pintopage=\"page_fixedCenter\" data-content-guid=\"u51333-4_content\"><p id=\"u51333-2\">Tygryski to wspania\u0142a gromada 2,5 &#8211; latk\u00f3w.\u00a0\u00a0 Jeste\u015bmy weseli, u\u015bmiechni\u0119ci i ciekawi \u015bwiata. Interesujemy si\u0119\u00a0 wszystkim, co nas otacza. Du\u017co czasu sp\u0119dzamy na poznawaniu siebie, ale r\u00f3wnie\u017c na wsp\u00f3lnej zabawie. Przyswajamy nawyki kulturalnego i serdecznego zachowania si\u0119 wobec koleg\u00f3w, staramy si\u0119 by\u0107 dla siebie mili, szanujemy swoj\u0105 prac\u0119 i prac\u0119 koleg\u00f3w. Kochamy \u015bpiewa\u0107 i ta\u0144czy\u0107, ch\u0119tnie te\u017c malujemy, rysujemy i lepimy z gliny, plasteliny. Du\u017co rado\u015bci sprawiaj\u0105 nam spacery i zabawy na placu przedszkolnym. Cho\u0107 trudno nam si\u0119 rozsta\u0107 z rodzicami, to jednak lubimy tu przychodzi\u0107, bo ka\u017cdy dzie\u0144 to nowe i ciekawe wyzwania.<\/p><\/div><div id=\"slideshowu62286\" class=\"SlideShowWidget clearfix grpelem\" data-sizepolicy=\"fixed\" data-pintopage=\"page_fluidx\" data-contentlayout=\"lightbox\" data-transitionstyle=\"fading\"><div id=\"u62290popup\" class=\"popup_anchor\" data-col-pos=\"1\"><div id=\"u62290\" class=\"SSSlideLinks clearfix\" data-col-pos=\"1\" data-sizepolicy=\"fixed\" data-pintopage=\"page_fixedLeft\"><div id=\"pu66960\" class=\"clearfix grpelem\"><div id=\"u66960\" class=\"SSSlideLink clip_frame clearfix colelem\" tabindex=\"0\" role=\"tab\" data-col-pos=\"0\" data-muse-uid=\"U66960\" data-muse-type=\"img_frame\" data-sizepolicy=\"fixed\" data-pintopage=\"page_fixedLeft\" aria-controls=\"u66933\">\u00a0<\/div><\/div><\/div><\/div><\/div>\t\t\t\t\t\t\t\t<\/div>\n\t\t\t\t<div class=\"elementor-element elementor-element-0715b45 elementor-widget elementor-widget-spacer\" data-id=\"0715b45\" data-element_type=\"widget\" data-e-type=\"widget\" data-widget_type=\"spacer.default\">\n\t\t\t\t\t\t\t<div class=\"elementor-spacer\">\n\t\t\t<div class=\"elementor-spacer-inner\"><\/div>\n\t\t<\/div>\n\t\t\t\t\t\t<\/div>\n\t\t\t\t<section class=\"elementor-section elementor-inner-section elementor-element elementor-element-04ad00c elementor-section-boxed elementor-section-height-default elementor-section-height-default\" data-id=\"04ad00c\" data-element_type=\"section\" data-e-type=\"section\" data-settings=\"{&quot;jet_parallax_layout_list&quot;:[{&quot;jet_parallax_layout_image&quot;:{&quot;url&quot;:&quot;&quot;,&quot;id&quot;:&quot;&quot;,&quot;size&quot;:&quot;&quot;},&quot;_id&quot;:&quot;a50d306&quot;,&quot;jet_parallax_layout_image_tablet&quot;:{&quot;url&quot;:&quot;&quot;,&quot;id&quot;:&quot;&quot;,&quot;size&quot;:&quot;&quot;},&quot;jet_parallax_layout_image_mobile&quot;:{&quot;url&quot;:&quot;&quot;,&quot;id&quot;:&quot;&quot;,&quot;size&quot;:&quot;&quot;},&quot;jet_parallax_layout_speed&quot;:{&quot;unit&quot;:&quot;%&quot;,&quot;size&quot;:50,&quot;sizes&quot;:[]},&quot;jet_parallax_layout_type&quot;:&quot;scroll&quot;,&quot;jet_parallax_layout_direction&quot;:&quot;1&quot;,&quot;jet_parallax_layout_fx_direction&quot;:null,&quot;jet_parallax_layout_z_index&quot;:&quot;&quot;,&quot;jet_parallax_layout_bg_x&quot;:50,&quot;jet_parallax_layout_bg_x_tablet&quot;:&quot;&quot;,&quot;jet_parallax_layout_bg_x_mobile&quot;:&quot;&quot;,&quot;jet_parallax_layout_bg_y&quot;:50,&quot;jet_parallax_layout_bg_y_tablet&quot;:&quot;&quot;,&quot;jet_parallax_layout_bg_y_mobile&quot;:&quot;&quot;,&quot;jet_parallax_layout_bg_size&quot;:&quot;auto&quot;,&quot;jet_parallax_layout_bg_size_tablet&quot;:&quot;&quot;,&quot;jet_parallax_layout_bg_size_mobile&quot;:&quot;&quot;,&quot;jet_parallax_layout_animation_prop&quot;:&quot;transform&quot;,&quot;jet_parallax_layout_on&quot;:[&quot;desktop&quot;,&quot;tablet&quot;]}]}\">\n\t\t\t\t\t\t<div class=\"elementor-container elementor-column-gap-default\">\n\t\t\t\t\t<div class=\"elementor-column elementor-col-50 elementor-inner-column elementor-element elementor-element-9cec687\" data-id=\"9cec687\" data-element_type=\"column\" data-e-type=\"column\">\n\t\t\t<div class=\"elementor-widget-wrap elementor-element-populated\">\n\t\t\t\t\t\t<div class=\"elementor-element elementor-element-944da72 elementor-mobile-align-center elementor-widget elementor-widget-button\" data-id=\"944da72\" data-element_type=\"widget\" data-e-type=\"widget\" data-widget_type=\"button.default\">\n\t\t\t\t\t\t\t\t\t\t<a class=\"elementor-button elementor-button-link elementor-size-sm\" href=\"https:\/\/przedszkole-tecza.com.pl\/zator\/madre-sowki\/\">\n\t\t\t\t\t\t<span class=\"elementor-button-content-wrapper\">\n\t\t\t\t\t\t\t\t\t<span class=\"elementor-button-text\">M\u0105dre S\u00f3wki<\/span>\n\t\t\t\t\t<\/span>\n\t\t\t\t\t<\/a>\n\t\t\t\t\t\t\t\t<\/div>\n\t\t\t\t\t<\/div>\n\t\t<\/div>\n\t\t\t\t<div class=\"elementor-column elementor-col-50 elementor-inner-column elementor-element elementor-element-ed602fa\" data-id=\"ed602fa\" data-element_type=\"column\" data-e-type=\"column\">\n\t\t\t<div class=\"elementor-widget-wrap\">\n\t\t\t\t\t\t\t<\/div>\n\t\t<\/div>\n\t\t\t\t\t<\/div>\n\t\t<\/section>\n\t\t\t\t\t<\/div>\n\t\t<\/div>\n\t\t\t\t<div class=\"elementor-column elementor-col-50 elementor-top-column elementor-element elementor-element-fe5434c\" data-id=\"fe5434c\" data-element_type=\"column\" data-e-type=\"column\">\n\t\t\t<div class=\"elementor-widget-wrap elementor-element-populated\">\n\t\t\t\t\t\t<div class=\"elementor-element elementor-element-a6c2ba5 elementor-widget elementor-widget-gallery\" data-id=\"a6c2ba5\" data-element_type=\"widget\" data-e-type=\"widget\" data-settings=\"{&quot;columns_tablet&quot;:3,&quot;columns_mobile&quot;:2,&quot;columns&quot;:3,&quot;gap&quot;:{&quot;unit&quot;:&quot;px&quot;,&quot;size&quot;:15,&quot;sizes&quot;:[]},&quot;lazyload&quot;:&quot;yes&quot;,&quot;gallery_layout&quot;:&quot;grid&quot;,&quot;gap_tablet&quot;:{&quot;unit&quot;:&quot;px&quot;,&quot;size&quot;:10,&quot;sizes&quot;:[]},&quot;gap_mobile&quot;:{&quot;unit&quot;:&quot;px&quot;,&quot;size&quot;:10,&quot;sizes&quot;:[]},&quot;link_to&quot;:&quot;file&quot;,&quot;aspect_ratio&quot;:&quot;3:2&quot;,&quot;overlay_background&quot;:&quot;yes&quot;,&quot;content_hover_animation&quot;:&quot;fade-in&quot;}\" data-widget_type=\"gallery.default\">\n\t\t\t\t\t\t\t<div class=\"elementor-gallery__container\">\n\t\t\t\t\t\t\t<a class=\"e-gallery-item elementor-gallery-item elementor-animated-content\" href=\"https:\/\/przedszkole-tecza.com.pl\/zator\/wp-content\/uploads\/2023\/02\/przedszkole-8.jpg\" data-elementor-open-lightbox=\"yes\" data-elementor-lightbox-slideshow=\"a6c2ba5\" data-elementor-lightbox-title=\"przedszkole-8\" data-e-action-hash=\"#elementor-action%3Aaction%3Dlightbox%26settings%3DeyJpZCI6NzA4OTcsInVybCI6Imh0dHBzOlwvXC9wcnplZHN6a29sZS10ZWN6YS5jb20ucGxcL3phdG9yXC93cC1jb250ZW50XC91cGxvYWRzXC8yMDIzXC8wMlwvcHJ6ZWRzemtvbGUtOC5qcGciLCJzbGlkZXNob3ciOiJhNmMyYmE1In0%3D\">\n\t\t\t\t\t<div class=\"e-gallery-image elementor-gallery-item__image\" data-thumbnail=\"https:\/\/przedszkole-tecza.com.pl\/zator\/wp-content\/uploads\/2023\/02\/przedszkole-8-300x200.jpg\" data-width=\"300\" data-height=\"200\" aria-label=\"\" role=\"img\" ><\/div>\n\t\t\t\t\t\t\t\t\t\t\t<div class=\"elementor-gallery-item__overlay\"><\/div>\n\t\t\t\t\t\t\t\t\t\t\t\t\t\t<\/a>\n\t\t\t\t\t\t\t<a class=\"e-gallery-item elementor-gallery-item elementor-animated-content\" href=\"https:\/\/przedszkole-tecza.com.pl\/zator\/wp-content\/uploads\/2023\/02\/przedszkole-7.jpg\" data-elementor-open-lightbox=\"yes\" data-elementor-lightbox-slideshow=\"a6c2ba5\" data-elementor-lightbox-title=\"przedszkole-7\" data-e-action-hash=\"#elementor-action%3Aaction%3Dlightbox%26settings%3DeyJpZCI6NzA4OTYsInVybCI6Imh0dHBzOlwvXC9wcnplZHN6a29sZS10ZWN6YS5jb20ucGxcL3phdG9yXC93cC1jb250ZW50XC91cGxvYWRzXC8yMDIzXC8wMlwvcHJ6ZWRzemtvbGUtNy5qcGciLCJzbGlkZXNob3ciOiJhNmMyYmE1In0%3D\">\n\t\t\t\t\t<div class=\"e-gallery-image elementor-gallery-item__image\" data-thumbnail=\"https:\/\/przedszkole-tecza.com.pl\/zator\/wp-content\/uploads\/2023\/02\/przedszkole-7-300x200.jpg\" data-width=\"300\" data-height=\"200\" aria-label=\"\" role=\"img\" ><\/div>\n\t\t\t\t\t\t\t\t\t\t\t<div class=\"elementor-gallery-item__overlay\"><\/div>\n\t\t\t\t\t\t\t\t\t\t\t\t\t\t<\/a>\n\t\t\t\t\t\t\t<a class=\"e-gallery-item elementor-gallery-item elementor-animated-content\" href=\"https:\/\/przedszkole-tecza.com.pl\/zator\/wp-content\/uploads\/2023\/02\/przedszkole-6.jpg\" data-elementor-open-lightbox=\"yes\" data-elementor-lightbox-slideshow=\"a6c2ba5\" data-elementor-lightbox-title=\"przedszkole-6\" data-e-action-hash=\"#elementor-action%3Aaction%3Dlightbox%26settings%3DeyJpZCI6NzA4OTUsInVybCI6Imh0dHBzOlwvXC9wcnplZHN6a29sZS10ZWN6YS5jb20ucGxcL3phdG9yXC93cC1jb250ZW50XC91cGxvYWRzXC8yMDIzXC8wMlwvcHJ6ZWRzemtvbGUtNi5qcGciLCJzbGlkZXNob3ciOiJhNmMyYmE1In0%3D\">\n\t\t\t\t\t<div class=\"e-gallery-image elementor-gallery-item__image\" data-thumbnail=\"https:\/\/przedszkole-tecza.com.pl\/zator\/wp-content\/uploads\/2023\/02\/przedszkole-6-300x200.jpg\" data-width=\"300\" data-height=\"200\" aria-label=\"\" role=\"img\" ><\/div>\n\t\t\t\t\t\t\t\t\t\t\t<div class=\"elementor-gallery-item__overlay\"><\/div>\n\t\t\t\t\t\t\t\t\t\t\t\t\t\t<\/a>\n\t\t\t\t\t\t\t<a class=\"e-gallery-item elementor-gallery-item elementor-animated-content\" href=\"https:\/\/przedszkole-tecza.com.pl\/zator\/wp-content\/uploads\/2023\/02\/przedszkole-5.jpg\" data-elementor-open-lightbox=\"yes\" data-elementor-lightbox-slideshow=\"a6c2ba5\" data-elementor-lightbox-title=\"przedszkole-5\" data-e-action-hash=\"#elementor-action%3Aaction%3Dlightbox%26settings%3DeyJpZCI6NzA4OTQsInVybCI6Imh0dHBzOlwvXC9wcnplZHN6a29sZS10ZWN6YS5jb20ucGxcL3phdG9yXC93cC1jb250ZW50XC91cGxvYWRzXC8yMDIzXC8wMlwvcHJ6ZWRzemtvbGUtNS5qcGciLCJzbGlkZXNob3ciOiJhNmMyYmE1In0%3D\">\n\t\t\t\t\t<div class=\"e-gallery-image elementor-gallery-item__image\" data-thumbnail=\"https:\/\/przedszkole-tecza.com.pl\/zator\/wp-content\/uploads\/2023\/02\/przedszkole-5-200x300.jpg\" data-width=\"200\" data-height=\"300\" aria-label=\"\" role=\"img\" ><\/div>\n\t\t\t\t\t\t\t\t\t\t\t<div class=\"elementor-gallery-item__overlay\"><\/div>\n\t\t\t\t\t\t\t\t\t\t\t\t\t\t<\/a>\n\t\t\t\t\t\t\t<a class=\"e-gallery-item elementor-gallery-item elementor-animated-content\" href=\"https:\/\/przedszkole-tecza.com.pl\/zator\/wp-content\/uploads\/2023\/02\/przedszkole-4.jpg\" data-elementor-open-lightbox=\"yes\" data-elementor-lightbox-slideshow=\"a6c2ba5\" data-elementor-lightbox-title=\"przedszkole-4\" data-e-action-hash=\"#elementor-action%3Aaction%3Dlightbox%26settings%3DeyJpZCI6NzA4OTMsInVybCI6Imh0dHBzOlwvXC9wcnplZHN6a29sZS10ZWN6YS5jb20ucGxcL3phdG9yXC93cC1jb250ZW50XC91cGxvYWRzXC8yMDIzXC8wMlwvcHJ6ZWRzemtvbGUtNC5qcGciLCJzbGlkZXNob3ciOiJhNmMyYmE1In0%3D\">\n\t\t\t\t\t<div class=\"e-gallery-image elementor-gallery-item__image\" data-thumbnail=\"https:\/\/przedszkole-tecza.com.pl\/zator\/wp-content\/uploads\/2023\/02\/przedszkole-4-300x200.jpg\" data-width=\"300\" data-height=\"200\" aria-label=\"\" role=\"img\" ><\/div>\n\t\t\t\t\t\t\t\t\t\t\t<div class=\"elementor-gallery-item__overlay\"><\/div>\n\t\t\t\t\t\t\t\t\t\t\t\t\t\t<\/a>\n\t\t\t\t\t\t\t<a class=\"e-gallery-item elementor-gallery-item elementor-animated-content\" href=\"https:\/\/przedszkole-tecza.com.pl\/zator\/wp-content\/uploads\/2023\/02\/przedszkole-3.jpg\" data-elementor-open-lightbox=\"yes\" data-elementor-lightbox-slideshow=\"a6c2ba5\" data-elementor-lightbox-title=\"przedszkole-3\" data-e-action-hash=\"#elementor-action%3Aaction%3Dlightbox%26settings%3DeyJpZCI6NzA4OTIsInVybCI6Imh0dHBzOlwvXC9wcnplZHN6a29sZS10ZWN6YS5jb20ucGxcL3phdG9yXC93cC1jb250ZW50XC91cGxvYWRzXC8yMDIzXC8wMlwvcHJ6ZWRzemtvbGUtMy5qcGciLCJzbGlkZXNob3ciOiJhNmMyYmE1In0%3D\">\n\t\t\t\t\t<div class=\"e-gallery-image elementor-gallery-item__image\" data-thumbnail=\"https:\/\/przedszkole-tecza.com.pl\/zator\/wp-content\/uploads\/2023\/02\/przedszkole-3-300x200.jpg\" data-width=\"300\" data-height=\"200\" aria-label=\"\" role=\"img\" ><\/div>\n\t\t\t\t\t\t\t\t\t\t\t<div class=\"elementor-gallery-item__overlay\"><\/div>\n\t\t\t\t\t\t\t\t\t\t\t\t\t\t<\/a>\n\t\t\t\t\t\t\t<a class=\"e-gallery-item elementor-gallery-item elementor-animated-content\" href=\"https:\/\/przedszkole-tecza.com.pl\/zator\/wp-content\/uploads\/2023\/02\/przedszkole-2.jpg\" data-elementor-open-lightbox=\"yes\" data-elementor-lightbox-slideshow=\"a6c2ba5\" data-elementor-lightbox-title=\"przedszkole-2\" data-e-action-hash=\"#elementor-action%3Aaction%3Dlightbox%26settings%3DeyJpZCI6NzA4OTEsInVybCI6Imh0dHBzOlwvXC9wcnplZHN6a29sZS10ZWN6YS5jb20ucGxcL3phdG9yXC93cC1jb250ZW50XC91cGxvYWRzXC8yMDIzXC8wMlwvcHJ6ZWRzemtvbGUtMi5qcGciLCJzbGlkZXNob3ciOiJhNmMyYmE1In0%3D\">\n\t\t\t\t\t<div class=\"e-gallery-image elementor-gallery-item__image\" data-thumbnail=\"https:\/\/przedszkole-tecza.com.pl\/zator\/wp-content\/uploads\/2023\/02\/przedszkole-2-300x200.jpg\" data-width=\"300\" data-height=\"200\" aria-label=\"\" role=\"img\" ><\/div>\n\t\t\t\t\t\t\t\t\t\t\t<div class=\"elementor-gallery-item__overlay\"><\/div>\n\t\t\t\t\t\t\t\t\t\t\t\t\t\t<\/a>\n\t\t\t\t\t\t\t<a class=\"e-gallery-item elementor-gallery-item elementor-animated-content\" href=\"https:\/\/przedszkole-tecza.com.pl\/zator\/wp-content\/uploads\/2023\/02\/przedszkole-1.jpg\" data-elementor-open-lightbox=\"yes\" data-elementor-lightbox-slideshow=\"a6c2ba5\" data-elementor-lightbox-title=\"przedszkole-1\" data-e-action-hash=\"#elementor-action%3Aaction%3Dlightbox%26settings%3DeyJpZCI6NzA4OTAsInVybCI6Imh0dHBzOlwvXC9wcnplZHN6a29sZS10ZWN6YS5jb20ucGxcL3phdG9yXC93cC1jb250ZW50XC91cGxvYWRzXC8yMDIzXC8wMlwvcHJ6ZWRzemtvbGUtMS5qcGciLCJzbGlkZXNob3ciOiJhNmMyYmE1In0%3D\">\n\t\t\t\t\t<div class=\"e-gallery-image elementor-gallery-item__image\" data-thumbnail=\"https:\/\/przedszkole-tecza.com.pl\/zator\/wp-content\/uploads\/2023\/02\/przedszkole-1-300x200.jpg\" data-width=\"300\" data-height=\"200\" aria-label=\"\" role=\"img\" ><\/div>\n\t\t\t\t\t\t\t\t\t\t\t<div class=\"elementor-gallery-item__overlay\"><\/div>\n\t\t\t\t\t\t\t\t\t\t\t\t\t\t<\/a>\n\t\t\t\t\t\t\t<a class=\"e-gallery-item elementor-gallery-item elementor-animated-content\" href=\"https:\/\/przedszkole-tecza.com.pl\/zator\/wp-content\/uploads\/2023\/02\/DSC06801-1.jpg\" data-elementor-open-lightbox=\"yes\" data-elementor-lightbox-slideshow=\"a6c2ba5\" data-elementor-lightbox-title=\"DSC06801\" data-e-action-hash=\"#elementor-action%3Aaction%3Dlightbox%26settings%3DeyJpZCI6NzA5MzQsInVybCI6Imh0dHBzOlwvXC9wcnplZHN6a29sZS10ZWN6YS5jb20ucGxcL3phdG9yXC93cC1jb250ZW50XC91cGxvYWRzXC8yMDIzXC8wMlwvRFNDMDY4MDEtMS5qcGciLCJzbGlkZXNob3ciOiJhNmMyYmE1In0%3D\">\n\t\t\t\t\t<div class=\"e-gallery-image elementor-gallery-item__image\" data-thumbnail=\"https:\/\/przedszkole-tecza.com.pl\/zator\/wp-content\/uploads\/2023\/02\/DSC06801-1-300x200.jpg\" data-width=\"300\" data-height=\"200\" aria-label=\"\" role=\"img\" ><\/div>\n\t\t\t\t\t\t\t\t\t\t\t<div class=\"elementor-gallery-item__overlay\"><\/div>\n\t\t\t\t\t\t\t\t\t\t\t\t\t\t<\/a>\n\t\t\t\t\t<\/div>\n\t\t\t\t\t<\/div>\n\t\t\t\t\t<\/div>\n\t\t<\/div>\n\t\t\t\t\t<\/div>\n\t\t<\/section>\n\t\t\t\t<\/div>\n\t\t","protected":false},"excerpt":{"rendered":"<p>Tygryski Tygryski to wspania\u0142a gromada 2,5 &#8211; latk\u00f3w.\u00a0\u00a0 Jeste\u015bmy weseli, u\u015bmiechni\u0119ci i ciekawi \u015bwiata. Interesujemy si\u0119\u00a0 wszystkim, co nas otacza. Du\u017co czasu sp\u0119dzamy na poznawaniu siebie, ale r\u00f3wnie\u017c na wsp\u00f3lnej zabawie. Przyswajamy nawyki kulturalnego i serdecznego zachowania si\u0119 wobec koleg\u00f3w, staramy si\u0119 by\u0107 dla siebie mili, szanujemy swoj\u0105 prac\u0119 i prac\u0119 koleg\u00f3w. Kochamy \u015bpiewa\u0107 i [&hellip;]<\/p>\n","protected":false},"author":1,"featured_media":70586,"parent":0,"menu_order":0,"comment_status":"closed","ping_status":"closed","template":"","meta":{"footnotes":""},"class_list":["post-108","page","type-page","status-publish","has-post-thumbnail","hentry"],"_links":{"self":[{"href":"https:\/\/przedszkole-tecza.com.pl\/zator\/wp-json\/wp\/v2\/pages\/108","targetHints":{"allow":["GET"]}}],"collection":[{"href":"https:\/\/przedszkole-tecza.com.pl\/zator\/wp-json\/wp\/v2\/pages"}],"about":[{"href":"https:\/\/przedszkole-tecza.com.pl\/zator\/wp-json\/wp\/v2\/types\/page"}],"author":[{"embeddable":true,"href":"https:\/\/przedszkole-tecza.com.pl\/zator\/wp-json\/wp\/v2\/users\/1"}],"replies":[{"embeddable":true,"href":"https:\/\/przedszkole-tecza.com.pl\/zator\/wp-json\/wp\/v2\/comments?post=108"}],"version-history":[{"count":3,"href":"https:\/\/przedszkole-tecza.com.pl\/zator\/wp-json\/wp\/v2\/pages\/108\/revisions"}],"predecessor-version":[{"id":85872,"href":"https:\/\/przedszkole-tecza.com.pl\/zator\/wp-json\/wp\/v2\/pages\/108\/revisions\/85872"}],"wp:featuredmedia":[{"embeddable":true,"href":"https:\/\/przedszkole-tecza.com.pl\/zator\/wp-json\/wp\/v2\/media\/70586"}],"wp:attachment":[{"href":"https:\/\/przedszkole-tecza.com.pl\/zator\/wp-json\/wp\/v2\/media?parent=108"}],"curies":[{"name":"wp","href":"https:\/\/api.w.org\/{rel}","templated":true}]}}